{"id":1413,"date":"2025-02-04T18:28:50","date_gmt":"2025-02-04T18:28:50","guid":{"rendered":"https:\/\/entreaguascartagena.com\/?page_id=1413"},"modified":"2025-02-04T18:40:09","modified_gmt":"2025-02-04T18:40:09","slug":"aviso-de-privacidad-y-politicas-de-tratamiento-de-datos","status":"publish","type":"page","link":"https:\/\/entreaguascartagena.com\/en\/aviso-de-privacidad-y-politicas-de-tratamiento-de-datos\/","title":{"rendered":"Notice of privacy policies and data processing"},"content":{"rendered":"<div data-elementor-type=\"wp-page\" data-elementor-id=\"1413\" class=\"elementor elementor-1413\" data-elementor-post-type=\"page\">\n\t\t\t\t<div class=\"elementor-element elementor-element-964858a e-con-full e-flex e-con e-parent\" data-id=\"964858a\" data-element_type=\"container\">\n\t\t\t\t<div class=\"elementor-element elementor-element-6806fb2 elementor-widget elementor-widget-heading\" data-id=\"6806fb2\" data-element_type=\"widget\" data-widget_type=\"heading.default\">\n\t\t\t\t<div class=\"elementor-widget-container\">\n\t\t\t\t\t<h2 class=\"elementor-heading-title elementor-size-default\">Notice of privacy policies and data processing<\/h2>\t\t\t\t<\/div>\n\t\t\t\t<\/div>\n\t\t\t\t<div class=\"elementor-element elementor-element-5dbe7be elementor-widget elementor-widget-text-editor\" data-id=\"5dbe7be\" data-element_type=\"widget\" data-widget_type=\"text-editor.default\">\n\t\t\t\t<div class=\"elementor-widget-container\">\n\t\t\t\t\t\t\t\t\t<p>Thank you for your interest in our products and services. In IngeSaenz Developer, we take seriously the protection of your privacy. This notice describes how we collect, use and protect your personal information<\/p>\t\t\t\t\t\t\t\t<\/div>\n\t\t\t\t<\/div>\n\t\t\t\t<div class=\"elementor-element elementor-element-c6a06b4 elementor-widget elementor-widget-heading\" data-id=\"c6a06b4\" data-element_type=\"widget\" data-widget_type=\"heading.default\">\n\t\t\t\t<div class=\"elementor-widget-container\">\n\t\t\t\t\t<h3 class=\"elementor-heading-title elementor-size-default\">Collection and Use of Personal Information<\/h3>\t\t\t\t<\/div>\n\t\t\t\t<\/div>\n\t\t\t\t<div class=\"elementor-element elementor-element-685dc06 elementor-widget elementor-widget-text-editor\" data-id=\"685dc06\" data-element_type=\"widget\" data-widget_type=\"text-editor.default\">\n\t\t\t\t<div class=\"elementor-widget-container\">\n\t\t\t\t\t\t\t\t\t<p>By providing your personal data to IngeSaenz Developer, you agree that we may store and process this information for the following purposes:<\/p><ul><li aria-level=\"1\">Manage your account and provide the products and services you requested.<\/li><li aria-level=\"1\">Send you communications related to our products, services and news that may be of your interest.<\/li><li aria-level=\"1\">To improve our products and services, as well as customize your user experience.<\/li><\/ul>\t\t\t\t\t\t\t\t<\/div>\n\t\t\t\t<\/div>\n\t\t\t\t<div class=\"elementor-element elementor-element-be213a4 elementor-widget elementor-widget-heading\" data-id=\"be213a4\" data-element_type=\"widget\" data-widget_type=\"heading.default\">\n\t\t\t\t<div class=\"elementor-widget-container\">\n\t\t\t\t\t<h3 class=\"elementor-heading-title elementor-size-default\">Disclosure to Third parties<\/h3>\t\t\t\t<\/div>\n\t\t\t\t<\/div>\n\t\t\t\t<div class=\"elementor-element elementor-element-fc65143 elementor-widget elementor-widget-text-editor\" data-id=\"fc65143\" data-element_type=\"widget\" data-widget_type=\"text-editor.default\">\n\t\t\t\t<div class=\"elementor-widget-container\">\n\t\t\t\t\t\t\t\t\t<p>We do not share your personal data with third parties without your express consent, except as necessary to comply with legal obligations or protect our rights.<\/p>\t\t\t\t\t\t\t\t<\/div>\n\t\t\t\t<\/div>\n\t\t\t\t<div class=\"elementor-element elementor-element-47bfef0 elementor-widget elementor-widget-heading\" data-id=\"47bfef0\" data-element_type=\"widget\" data-widget_type=\"heading.default\">\n\t\t\t\t<div class=\"elementor-widget-container\">\n\t\t\t\t\t<h3 class=\"elementor-heading-title elementor-size-default\">Information security<\/h3>\t\t\t\t<\/div>\n\t\t\t\t<\/div>\n\t\t\t\t<div class=\"elementor-element elementor-element-08d3301 elementor-widget elementor-widget-text-editor\" data-id=\"08d3301\" data-element_type=\"widget\" data-widget_type=\"text-editor.default\">\n\t\t\t\t<div class=\"elementor-widget-container\">\n\t\t\t\t\t\t\t\t\t<p>IngeSaenz Developer implements security measures to protect your personal information against unauthorized access, misuse or disclosure.<\/p>\t\t\t\t\t\t\t\t<\/div>\n\t\t\t\t<\/div>\n\t\t\t\t<div class=\"elementor-element elementor-element-080c145 elementor-widget elementor-widget-heading\" data-id=\"080c145\" data-element_type=\"widget\" data-widget_type=\"heading.default\">\n\t\t\t\t<div class=\"elementor-widget-container\">\n\t\t\t\t\t<h3 class=\"elementor-heading-title elementor-size-default\">Your Rights<\/h3>\t\t\t\t<\/div>\n\t\t\t\t<\/div>\n\t\t\t\t<div class=\"elementor-element elementor-element-502c982 elementor-widget elementor-widget-text-editor\" data-id=\"502c982\" data-element_type=\"widget\" data-widget_type=\"text-editor.default\">\n\t\t\t\t<div class=\"elementor-widget-container\">\n\t\t\t\t\t\t\t\t\t<p>You have the right to access, correct, or delete your personal information at any time. You can also oppose the processing of your personal data, as well as to request the portability of the same.<\/p>\t\t\t\t\t\t\t\t<\/div>\n\t\t\t\t<\/div>\n\t\t\t\t<div class=\"elementor-element elementor-element-f251062 elementor-widget elementor-widget-heading\" data-id=\"f251062\" data-element_type=\"widget\" data-widget_type=\"heading.default\">\n\t\t\t\t<div class=\"elementor-widget-container\">\n\t\t\t\t\t<h3 class=\"elementor-heading-title elementor-size-default\">Contact<\/h3>\t\t\t\t<\/div>\n\t\t\t\t<\/div>\n\t\t\t\t<div class=\"elementor-element elementor-element-9538722 elementor-widget elementor-widget-text-editor\" data-id=\"9538722\" data-element_type=\"widget\" data-widget_type=\"text-editor.default\">\n\t\t\t\t<div class=\"elementor-widget-container\">\n\t\t\t\t\t\t\t\t\t<p>If you have any questions about this privacy notice, how we treat your personal information, or you wish to exercise your rights, please contact us through our institutional e-mail.<\/p><p>By providing us with your personal data, you acknowledge that you have read and understood this privacy notice, and you agree that IngeSaenz Developer to use it as described.<\/p><p>Date of last update: July 18, 2024<\/p><p><i>IngeSaenz Developer<\/i><\/p>\t\t\t\t\t\t\t\t<\/div>\n\t\t\t\t<\/div>\n\t\t\t\t<\/div>\n\t\t\t\t<\/div>","protected":false},"excerpt":{"rendered":"<p>Aviso de privacidad y pol\u00edticas de tratamiento de datos Agradecemos tu inter\u00e9s en nuestros productos y servicios. En IngeSaenz Desarrolladora, nos tomamos en serio la protecci\u00f3n de tu privacidad. Este aviso describe c\u00f3mo recopilamos, utilizamos y protegemos tu informaci\u00f3n personal Recopilaci\u00f3n y Uso de la Informaci\u00f3n Personal Al proporcionar tus datos personales a IngeSaenz Desarrolladora, [&hellip;]<\/p>","protected":false},"author":1,"featured_media":0,"parent":0,"menu_order":0,"comment_status":"closed","ping_status":"closed","template":"elementor_header_footer","meta":{"_acf_changed":false,"inline_featured_image":false,"footnotes":""},"class_list":["post-1413","page","type-page","status-publish","hentry"],"acf":[],"_links":{"self":[{"href":"https:\/\/entreaguascartagena.com\/en\/wp-json\/wp\/v2\/pages\/1413","targetHints":{"allow":["GET"]}}],"collection":[{"href":"https:\/\/entreaguascartagena.com\/en\/wp-json\/wp\/v2\/pages"}],"about":[{"href":"https:\/\/entreaguascartagena.com\/en\/wp-json\/wp\/v2\/types\/page"}],"author":[{"embeddable":true,"href":"https:\/\/entreaguascartagena.com\/en\/wp-json\/wp\/v2\/users\/1"}],"replies":[{"embeddable":true,"href":"https:\/\/entreaguascartagena.com\/en\/wp-json\/wp\/v2\/comments?post=1413"}],"version-history":[{"count":16,"href":"https:\/\/entreaguascartagena.com\/en\/wp-json\/wp\/v2\/pages\/1413\/revisions"}],"predecessor-version":[{"id":1430,"href":"https:\/\/entreaguascartagena.com\/en\/wp-json\/wp\/v2\/pages\/1413\/revisions\/1430"}],"wp:attachment":[{"href":"https:\/\/entreaguascartagena.com\/en\/wp-json\/wp\/v2\/media?parent=1413"}],"curies":[{"name":"wp","href":"https:\/\/api.w.org\/{rel}","templated":true}]}}